{"id":16,"date":"2022-10-29T17:35:01","date_gmt":"2022-10-29T15:35:01","guid":{"rendered":"http:\/\/www.metabarons-v3.3dplume.be\/index.php\/home\/"},"modified":"2024-12-16T10:49:20","modified_gmt":"2024-12-16T09:49:20","slug":"home","status":"publish","type":"page","link":"https:\/\/www.metabarons-v3.3dplume.be\/","title":{"rendered":"Home"},"content":{"rendered":"\n<h1 class=\"wp-block-heading has-luminous-vivid-amber-color has-text-color\">Metabaron V3&#8230;<\/h1>\n\n\n\n<p class=\"has-cyan-bluish-gray-color has-text-color\">Metabaron V3, nouvelles r\u00e8gles, m\u00eame unviers. Pour cette nouvelles mouture, nous utiliserons les r\u00e8gles d&rsquo;Eclipse Phase. Ce qui veut dire qu&rsquo;il y a quelques modifications :<\/p>\n\n\n<div class=\"wp-block-image\">\n<figure class=\"alignright is-resized\"><img data-recalc-dims=\"1\" loading=\"lazy\" decoding=\"async\" width=\"714\" height=\"1024\" src=\"https:\/\/i0.wp.com\/www.metabarons-v3.3dplume.be\/wp-content\/uploads\/2022\/11\/morphe-neuf.png?resize=714%2C1024&#038;ssl=1\" alt=\"\" class=\"wp-image-528\" style=\"aspect-ratio:0.697265625;width:341px;height:auto\" srcset=\"https:\/\/i0.wp.com\/www.metabarons-v3.3dplume.be\/wp-content\/uploads\/2022\/11\/morphe-neuf.png?resize=714%2C1024&amp;ssl=1 714w, https:\/\/i0.wp.com\/www.metabarons-v3.3dplume.be\/wp-content\/uploads\/2022\/11\/morphe-neuf.png?resize=209%2C300&amp;ssl=1 209w, https:\/\/i0.wp.com\/www.metabarons-v3.3dplume.be\/wp-content\/uploads\/2022\/11\/morphe-neuf.png?resize=768%2C1101&amp;ssl=1 768w, https:\/\/i0.wp.com\/www.metabarons-v3.3dplume.be\/wp-content\/uploads\/2022\/11\/morphe-neuf.png?resize=1071%2C1536&amp;ssl=1 1071w, https:\/\/i0.wp.com\/www.metabarons-v3.3dplume.be\/wp-content\/uploads\/2022\/11\/morphe-neuf.png?w=1305&amp;ssl=1 1305w\" sizes=\"auto, (max-width: 714px) 100vw, 714px\" \/><\/figure>\n<\/div>\n\n\n<ul class=\"wp-block-list\">\n<li><a href=\"https:\/\/www.metabarons-v3.3dplume.be\/index.php\/morphes\/\" data-type=\"page\" data-id=\"455\">les morphes<\/a><\/li>\n\n\n\n<li><a href=\"https:\/\/www.metabarons-v3.3dplume.be\/index.php\/2023\/11\/14\/puce-corticale\/\" data-type=\"post\" data-id=\"1615\">La pile corticale<\/a><\/li>\n\n\n\n<li>Recentrement de la ligne du temps<\/li>\n\n\n\n<li><a href=\"https:\/\/www.metabarons-v3.3dplume.be\/index.php\/2023\/01\/17\/les-portes-de-pandore\/\" data-type=\"post\" data-id=\"869\">Les portes de Pandore<\/a><\/li>\n\n\n\n<li><a href=\"https:\/\/www.metabarons-v3.3dplume.be\/index.php\/blog\/le-voyage-spatial#questionsportes\" data-type=\"page\" data-id=\"288\">10 questions que vous n&rsquo;avez jamais os\u00e9 poser sur les portes spatiales<\/a><\/li>\n\n\n\n<li><a href=\"https:\/\/www.metabarons-v3.3dplume.be\/index.php\/blog\/le-voyage-spatial#deplacementquantique\" data-type=\"page\" data-id=\"288\">Le d\u00e9placement quantique localis\u00e9<\/a><\/li>\n\n\n\n<li>Et bien sur, les r\u00e8gles.<\/li>\n<\/ul>\n\n\n\n<p class=\"has-text-align-justify\">Pour cette nouvelle campagne, chaque personnage sera un membre d&rsquo;\u00e9quipage d&rsquo;un vaisseau de la <a href=\"https:\/\/www.metabarons-v3.3dplume.be\/index.php\/zone-in-game\/\" data-type=\"page\" data-id=\"495\">FAS<\/a> (Forces Arm\u00e9es Spatiales) ayant fait son acad\u00e9mie sur Taldos, chef-lieux du <a href=\"https:\/\/www.metabarons-v3.3dplume.be\/index.php\/directoire-de-talris\/\" data-type=\"page\" data-id=\"230\">Directoire de Talris<\/a>. Chaque personnage \u00e0 ses propres comp\u00e9tences m\u00eame si d&rsquo;autres ont des comp\u00e9tences proches ou ayant aussi de bons scores. Vous faites partie d&rsquo;un service particulier qui s&rsquo;occupe de diplomatie et d&rsquo;exploration. Cette derni\u00e8re recouvre un large \u00e9ventail qui va de la d\u00e9couverte de plan\u00e8tes totalement d\u00e9sertes \u00e0 des observations en zone de combat en passant par d&rsquo;\u00e9ventuels sites arch\u00e9ologiques.<\/p>\n\n\n\n<p class=\"has-text-align-justify\">Dans la <a href=\"https:\/\/www.metabarons-v3.3dplume.be\/index.php\/zone-in-game\/\" data-type=\"page\" data-id=\"495\">zone in game<\/a>, vous trouverez des informations auxquelles ont acc\u00e8s vos personnages. Vous pourrez trouver des informations similaires sur d&rsquo;autre pages, mais ce sont l\u00e0 des explications pour les joueurs afin de mieux comprendre l&rsquo;univers de Metabaron-Singularity. Indice visuel : les dossiers \u00ab\u00a0<strong>In game<\/strong>\u00a0\u00bb sont sur deux colones alors que les infos sont sur une seule colone.<\/p>\n\n\n\n<p><\/p>\n\n\n\n<p class=\"has-luminous-vivid-amber-color has-text-color\"><strong>La carte de l&rsquo;Empire<\/strong><\/p>\n\n\n\n<figure class=\"wp-block-embed aligncenter is-type-rich is-provider-sketchfab wp-block-embed-sketchfab\"><div class=\"wp-block-embed__wrapper\">\n<div class=\"sketchfab-embed-wrapper\">    <iframe loading=\"lazy\" title=\"carte-galactique-2024\" id=\"\" class=\"\" width=\"500\" height=\"281\" src=\"https:\/\/sketchfab.com\/models\/268103365d30411581b681d6d8413a29\/embed\" frameborder=\"0\" allow=\"autoplay; fullscreen; xr-spatial-tracking\" allowfullscreen=\"\" mozallowfullscreen=\"true\" webkitallowfullscreen=\"true\" xr-spatial-tracking=\"true\" execution-while-out-of-viewport=\"true\" execution-while-not-rendered=\"true\" web-share=\"true\"><\/iframe><\/div>\n<\/div><\/figure>\n\n\n\n<div class=\"wp-block-query is-layout-flow wp-block-query-is-layout-flow\"><ul class=\"wp-block-post-template is-layout-flow wp-block-post-template-is-layout-flow\"><li class=\"wp-block-post post-2341 post type-post status-publish format-standard hentry category-materiel\">\n<h2 class=\"wp-block-post-title\"><a href=\"https:\/\/www.metabarons-v3.3dplume.be\/index.php\/2025\/06\/12\/copier-une-technologie-extraterrestre-serait-un-projet-dingenierie-inverse-epoustouflant-la-physique-devient-bizarre-disent-les-experts\/\" target=\"_self\" >Copier une technologie extraterrestre serait un projet de r\u00e9tro-ing\u00e9nierie \u00e9poustouflant. \u00ab\u00a0La physique devient bizarre\u00a0\u00bb, disent les experts.<\/a><\/h2>\n\n\n\n<div class=\"wp-block-post-excerpt\"><p class=\"wp-block-post-excerpt__excerpt\">Je vous transcris ici un article paru dans \u00ab\u00a0Popular Mechanics\u00ab\u00a0, un magazine scientifique s\u00e9rieux qui pose la question th\u00e9orique\u00a0: Serions-nous capables de faire du r\u00e9tro-engineering sur des artefacts extraterrestres\u00a0? Le but ici n\u2019est pas de quantifier la faisabilit\u00e9, mais simplement de faire prendre conscience que ce serait un travail ardu et chronophage. Moi, je ne\u2026 <\/p><\/div>\n\n\n<hr class=\"wp-block-separator has-css-opacity\"\/>\n\n\n<div class=\"wp-block-post-date\"><time datetime=\"2025-06-12T14:16:25+02:00\">12 juin 2025<\/time><\/div>\n<\/li><li class=\"wp-block-post post-2199 post type-post status-publish format-standard hentry category-structure-gouvernements\">\n<h2 class=\"wp-block-post-title\"><a href=\"https:\/\/www.metabarons-v3.3dplume.be\/index.php\/2024\/11\/20\/chute-empire-et-demographie\/\" target=\"_self\" >Chute, Empire et d\u00e9mographie<\/a><\/h2>\n\n\n\n<div class=\"wp-block-post-excerpt\"><p class=\"wp-block-post-excerpt__excerpt\">Estimation de la population totale de l&rsquo;Empire 1. L&rsquo;h\u00e9ritage de la Chute et la d\u00e9croissance initiale La Chute a marqu\u00e9 une catastrophe sans pr\u00e9c\u00e9dent pour l&rsquo;humanit\u00e9. Les attaques des Titans ont caus\u00e9 des pertes massives sur Terre et dans les colonies orbitales, entra\u00eenant l&rsquo;effondrement rapide des populations. Sur une population initiale de 11 milliards d&rsquo;humains,\u2026 <\/p><\/div>\n\n\n<hr class=\"wp-block-separator has-css-opacity\"\/>\n\n\n<div class=\"wp-block-post-date\"><time datetime=\"2024-11-20T13:42:29+01:00\">20 novembre 2024<\/time><\/div>\n<\/li><li class=\"wp-block-post post-1999 post type-post status-publish format-standard hentry category-non-classe\">\n<h2 class=\"wp-block-post-title\"><a href=\"https:\/\/www.metabarons-v3.3dplume.be\/index.php\/2024\/11\/12\/lisag-institut-des-sciences-et-des-antiquites-galactiques\/\" target=\"_self\" >L&rsquo;ISAG, Institut des Sciences et des Antiquit\u00e9s Galactiques<\/a><\/h2>\n\n\n\n<div class=\"wp-block-post-excerpt\"><p class=\"wp-block-post-excerpt__excerpt\">1. Institut des Sciences et des Antiquit\u00e9s Galactiques (ISAG) 2. Bureau des Enqu\u00eates Exo-Historiques et Arch\u00e9ologiques (BEEHA) 3. Commission des Recherches et Explorations Galactiques (CREG) 4. D\u00e9partement d&rsquo;Exploitation Historique et Technologique (DEHT) Il est int\u00e9ressant de noter que l&rsquo;ISAG est aussi responsable de la gestion des d\u00e9couvertes pouvant avoir des implications religieuses ou sociopolitiques. Il\u2026 <\/p><\/div>\n\n\n<hr class=\"wp-block-separator has-css-opacity\"\/>\n\n\n<div class=\"wp-block-post-date\"><time datetime=\"2024-11-12T18:03:38+01:00\">12 novembre 2024<\/time><\/div>\n<\/li><\/ul><\/div>\n","protected":false},"excerpt":{"rendered":"<p>Metabaron V3&#8230; Metabaron V3, nouvelles r\u00e8gles, m\u00eame unviers. Pour cette nouvelles mouture, nous utiliserons les r\u00e8gles d&rsquo;Eclipse Phase. Ce qui veut dire qu&rsquo;il y a quelques modifications : Pour cette nouvelle campagne, chaque personnage sera un membre d&rsquo;\u00e9quipage d&rsquo;un vaisseau de la FAS (Forces Arm\u00e9es Spatiales) ayant fait son acad\u00e9mie sur Taldos, chef-lieux du Directoire [&hellip;]<\/p>\n","protected":false},"author":1,"featured_media":0,"parent":0,"menu_order":0,"comment_status":"closed","ping_status":"closed","template":"","meta":{"footnotes":""},"class_list":["post-16","page","type-page","status-publish","hentry"],"jetpack_sharing_enabled":true,"_links":{"self":[{"href":"https:\/\/www.metabarons-v3.3dplume.be\/index.php\/wp-json\/wp\/v2\/pages\/16","targetHints":{"allow":["GET"]}}],"collection":[{"href":"https:\/\/www.metabarons-v3.3dplume.be\/index.php\/wp-json\/wp\/v2\/pages"}],"about":[{"href":"https:\/\/www.metabarons-v3.3dplume.be\/index.php\/wp-json\/wp\/v2\/types\/page"}],"author":[{"embeddable":true,"href":"https:\/\/www.metabarons-v3.3dplume.be\/index.php\/wp-json\/wp\/v2\/users\/1"}],"replies":[{"embeddable":true,"href":"https:\/\/www.metabarons-v3.3dplume.be\/index.php\/wp-json\/wp\/v2\/comments?post=16"}],"version-history":[{"count":48,"href":"https:\/\/www.metabarons-v3.3dplume.be\/index.php\/wp-json\/wp\/v2\/pages\/16\/revisions"}],"predecessor-version":[{"id":2277,"href":"https:\/\/www.metabarons-v3.3dplume.be\/index.php\/wp-json\/wp\/v2\/pages\/16\/revisions\/2277"}],"wp:attachment":[{"href":"https:\/\/www.metabarons-v3.3dplume.be\/index.php\/wp-json\/wp\/v2\/media?parent=16"}],"curies":[{"name":"wp","href":"https:\/\/api.w.org\/{rel}","templated":true}]}}